{"id":1175,"date":"2021-05-17T19:36:23","date_gmt":"2021-05-17T19:36:23","guid":{"rendered":"https:\/\/yelitzagarcia.com\/FR\/?post_type=product&#038;p=1175"},"modified":"2021-05-17T20:00:47","modified_gmt":"2021-05-17T20:00:47","slug":"bars-tendres-keto-au-chocolat-noir","status":"publish","type":"product","link":"https:\/\/yelitzagarcia.com\/FR\/product\/bars-tendres-keto-au-chocolat-noir\/","title":{"rendered":"Bars tendres keto au chocolat noir."},"content":{"rendered":"<p><b>Ingredients:<br \/>\n<\/b><span style=\"font-weight: 400;\">Cr\u00e8me \u00e0 cuisson, chocolat noir, \u00e9rythritol, beurre, extraxt de vanile, noix.<br \/>\n<\/span><strong>4 barres<\/strong><\/p>\n","protected":false},"excerpt":{"rendered":"<p><span style=\"font-weight: 400;\">L&#8217;\u00e9rythritol est un \u00e9dulcorant extrait des feuilles d&#8217;une plante. Il est class\u00e9 parmi les alcools de sucre et est pr\u00e9sent dans les fruits et l\u00e9gumes, ainsi que dans certains produits ferment\u00e9s comme la bi\u00e8re. Il n&#8217;a aucun effet sur les taux de glucose ou d&#8217;insuline, sur le cholest\u00e9rol ou les triglyc\u00e9rides, et peut donc \u00eatre consomm\u00e9 sans danger par les diab\u00e9tiques.<\/span><\/p>\n","protected":false},"featured_media":1177,"comment_status":"open","ping_status":"closed","template":"","meta":{"_monsterinsights_skip_tracking":false,"_monsterinsights_sitenote_active":false,"_monsterinsights_sitenote_note":"","_monsterinsights_sitenote_category":0,"ocean_post_layout":"","ocean_both_sidebars_style":"","ocean_both_sidebars_content_width":0,"ocean_both_sidebars_sidebars_width":0,"ocean_sidebar":"0","ocean_second_sidebar":"0","ocean_disable_margins":"enable","ocean_add_body_class":"","ocean_shortcode_before_top_bar":"","ocean_shortcode_after_top_bar":"","ocean_shortcode_before_header":"","ocean_shortcode_after_header":"","ocean_has_shortcode":"","ocean_shortcode_after_title":"","ocean_shortcode_before_footer_widgets":"","ocean_shortcode_after_footer_widgets":"","ocean_shortcode_before_footer_bottom":"","ocean_shortcode_after_footer_bottom":"","ocean_display_top_bar":"default","ocean_display_header":"default","ocean_header_style":"","ocean_center_header_left_menu":"0","ocean_custom_header_template":"0","ocean_custom_logo":0,"ocean_custom_retina_logo":0,"ocean_custom_logo_max_width":0,"ocean_custom_logo_tablet_max_width":0,"ocean_custom_logo_mobile_max_width":0,"ocean_custom_logo_max_height":0,"ocean_custom_logo_tablet_max_height":0,"ocean_custom_logo_mobile_max_height":0,"ocean_header_custom_menu":"0","ocean_menu_typo_font_family":"0","ocean_menu_typo_font_subset":"","ocean_menu_typo_font_size":0,"ocean_menu_typo_font_size_tablet":0,"ocean_menu_typo_font_size_mobile":0,"ocean_menu_typo_font_size_unit":"px","ocean_menu_typo_font_weight":"","ocean_menu_typo_font_weight_tablet":"","ocean_menu_typo_font_weight_mobile":"","ocean_menu_typo_transform":"","ocean_menu_typo_transform_tablet":"","ocean_menu_typo_transform_mobile":"","ocean_menu_typo_line_height":0,"ocean_menu_typo_line_height_tablet":0,"ocean_menu_typo_line_height_mobile":0,"ocean_menu_typo_line_height_unit":"","ocean_menu_typo_spacing":0,"ocean_menu_typo_spacing_tablet":0,"ocean_menu_typo_spacing_mobile":0,"ocean_menu_typo_spacing_unit":"","ocean_menu_link_color":"","ocean_menu_link_color_hover":"","ocean_menu_link_color_active":"","ocean_menu_link_background":"","ocean_menu_link_hover_background":"","ocean_menu_link_active_background":"","ocean_menu_social_links_bg":"","ocean_menu_social_hover_links_bg":"","ocean_menu_social_links_color":"","ocean_menu_social_hover_links_color":"","ocean_disable_title":"default","ocean_disable_heading":"default","ocean_post_title":"","ocean_post_subheading":"","ocean_post_title_style":"","ocean_post_title_background_color":"","ocean_post_title_background":0,"ocean_post_title_bg_image_position":"","ocean_post_title_bg_image_attachment":"","ocean_post_title_bg_image_repeat":"","ocean_post_title_bg_image_size":"","ocean_post_title_height":0,"ocean_post_title_bg_overlay":0.5,"ocean_post_title_bg_overlay_color":"","ocean_disable_breadcrumbs":"default","ocean_breadcrumbs_color":"","ocean_breadcrumbs_separator_color":"","ocean_breadcrumbs_links_color":"","ocean_breadcrumbs_links_hover_color":"","ocean_display_footer_widgets":"default","ocean_display_footer_bottom":"default","ocean_custom_footer_template":"0"},"product_brand":[],"product_cat":[22],"product_tag":[],"class_list":{"0":"post-1175","1":"product","2":"type-product","3":"status-publish","4":"has-post-thumbnail","6":"product_cat-desserts","8":"entry","9":"has-media","11":"first","12":"instock","13":"shipping-taxable","14":"purchasable","15":"product-type-simple","16":"has-product-nav","17":"col","18":"span_1_of_3","19":"owp-content-center","20":"owp-thumbs-layout-horizontal","21":"owp-btn-normal","22":"owp-tabs-layout-horizontal","23":"has-no-thumbnails"},"_links":{"self":[{"href":"https:\/\/yelitzagarcia.com\/FR\/wp-json\/wp\/v2\/product\/1175","targetHints":{"allow":["GET"]}}],"collection":[{"href":"https:\/\/yelitzagarcia.com\/FR\/wp-json\/wp\/v2\/product"}],"about":[{"href":"https:\/\/yelitzagarcia.com\/FR\/wp-json\/wp\/v2\/types\/product"}],"replies":[{"embeddable":true,"href":"https:\/\/yelitzagarcia.com\/FR\/wp-json\/wp\/v2\/comments?post=1175"}],"wp:featuredmedia":[{"embeddable":true,"href":"https:\/\/yelitzagarcia.com\/FR\/wp-json\/wp\/v2\/media\/1177"}],"wp:attachment":[{"href":"https:\/\/yelitzagarcia.com\/FR\/wp-json\/wp\/v2\/media?parent=1175"}],"wp:term":[{"taxonomy":"product_brand","embeddable":true,"href":"https:\/\/yelitzagarcia.com\/FR\/wp-json\/wp\/v2\/product_brand?post=1175"},{"taxonomy":"product_cat","embeddable":true,"href":"https:\/\/yelitzagarcia.com\/FR\/wp-json\/wp\/v2\/product_cat?post=1175"},{"taxonomy":"product_tag","embeddable":true,"href":"https:\/\/yelitzagarcia.com\/FR\/wp-json\/wp\/v2\/product_tag?post=1175"}],"curies":[{"name":"wp","href":"https:\/\/api.w.org\/{rel}","templated":true}]}}